{"id":860,"date":"2019-12-13T08:17:54","date_gmt":"2019-12-13T05:17:54","guid":{"rendered":"http:\/\/www.teknotar.com.tr\/tr\/?page_id=8"},"modified":"2022-03-10T12:15:48","modified_gmt":"2022-03-10T09:15:48","slug":"kurumsal","status":"publish","type":"page","link":"https:\/\/www.teknotar.com.tr\/tr\/kurumsal\/","title":{"rendered":"Kurumsal"},"content":{"rendered":"<p><div class=\"fusion-fullwidth fullwidth-box fusion-builder-row-1 fusion-flex-container fusion-parallax-none nonhundred-percent-fullwidth non-hundred-percent-height-scrolling lazyload\" style=\"background-color: rgba(255,255,255,0);background-position: center center;background-repeat: no-repeat;border-width: 0px 0px 0px 0px;border-color:var(--awb-color3);border-style:solid;-webkit-background-size:cover;-moz-background-size:cover;-o-background-size:cover;background-size:cover;\" data-bg=\"https:\/\/www.teknotar.com.tr\/tr\/wp-content\/uploads\/2019\/12\/landscaper-lawns-turf-hero-background-scaled.jpg\" ><div class=\"fusion-builder-row fusion-row fusion-flex-align-items-flex-start\" style=\"max-width:calc( 1100px + 0px );margin-left: calc(-0px \/ 2 );margin-right: calc(-0px \/ 2 );\"><\/div><style type=\"text\/css\">.fusion-body .fusion-flex-container.fusion-builder-row-1{ padding-top : 100px;margin-top : 0px;padding-right : 0px;padding-bottom : 100px;margin-bottom : 0px;padding-left : 0px;}<\/style><\/div><div class=\"fusion-fullwidth fullwidth-box fusion-builder-row-2 fusion-flex-container fusion-parallax-none nonhundred-percent-fullwidth non-hundred-percent-height-scrolling lazyload\" style=\"background-color: rgba(255,255,255,0);background-image:linear-gradient(180deg, hsla(var(--awb-color6-h),var(--awb-color6-s),var(--awb-color6-l),calc( var(--awb-color6-a) - 30% )) 0%,var(--awb-color8) 100%);background-position: center center;background-repeat: no-repeat;border-width: 0px 0px 0px 0px;border-color:var(--awb-color3);border-style:solid;-webkit-background-size:cover;-moz-background-size:cover;-o-background-size:cover;background-size:cover;\" data-bg=\"https:\/\/www.teknotar.com.tr\/tr\/wp-content\/uploads\/2019\/12\/landscaper-our-experience-background.jpg\" data-bg-gradient=\"linear-gradient(180deg, hsla(var(--awb-color6-h),var(--awb-color6-s),var(--awb-color6-l),calc( var(--awb-color6-a) - 30% )) 0%,var(--awb-color8) 100%)\" ><div class=\"fusion-builder-row fusion-row fusion-flex-align-items-flex-start\" style=\"max-width:1144px;margin-left: calc(-4% \/ 2 );margin-right: calc(-4% \/ 2 );\"><div class=\"fusion-layout-column fusion_builder_column fusion-builder-column-0 fusion_builder_column_1_2 1_2 fusion-flex-column fusion-animated\" data-animationType=\"fadeInLeft\" data-animationDuration=\"1.0\" data-animationOffset=\"top-into-view\"><div class=\"fusion-column-wrapper fusion-flex-justify-content-flex-start fusion-content-layout-column\" style=\"background-position:left top;background-repeat:no-repeat;-webkit-background-size:cover;-moz-background-size:cover;-o-background-size:cover;background-size:cover;background-color:hsla(var(--awb-color1-h),var(--awb-color1-s),var(--awb-color1-l),calc( var(--awb-color1-a) - 80% ));padding: 40px 40px 20px 40px;\"><i class=\"fb-icon-element-1 fb-icon-element fontawesome-icon fa-gem fas circle-yes fusion-text-flow\" style=\"font-size:28.16px;line-height:56.32px;height:56.32px;width:56.32px;border-width:0px;border-radius:50% 50% 50% 50%;margin-right:16px;\"><\/i><style>i.fb-icon-element.fontawesome-icon.fb-icon-element-1{ color: var(--awb-color6); background-color: var(--awb-color1); border-color: var(--awb-color7);}i.fb-icon-element.fontawesome-icon.fb-icon-element-1:hover { color: var(--awb-color6); background-color: var(--awb-color1); border-color: var(--awb-color7);}<\/style><style type=\"text\/css\">@media only screen and (max-width:1024px) {.fusion-title.fusion-title-1{margin-top:0px!important; margin-right:0px!important;margin-bottom:20px!important;margin-left:0px!important;}}@media only screen and (max-width:640px) {.fusion-title.fusion-title-1{margin-top:0px!important; margin-right:0px!important;margin-bottom:20px!important; margin-left:0px!important;}}<\/style><div class=\"fusion-title title fusion-title-1 fusion-no-small-visibility fusion-no-medium-visibility fusion-sep-none fusion-title-text fusion-title-size-three\" style=\"margin-top:0px;margin-right:0px;margin-bottom:20px;margin-left:0px;\"><h3 class=\"title-heading-left fusion-responsive-typography-calculated\" style=\"margin:0;color:var(--awb-color1);--fontSize:0;--minFontSize:2.5em;line-height:1.5;\">Firmam\u0131z<\/h3><\/div><style type=\"text\/css\">@media only screen and (max-width:1024px) {.fusion-title.fusion-title-2{margin-top:0px!important; margin-right:0px!important;margin-bottom:20px!important;margin-left:0px!important;}}@media only screen and (max-width:640px) {.fusion-title.fusion-title-2{margin-top:0px!important; margin-right:0px!important;margin-bottom:20px!important; margin-left:0px!important;}}<\/style><div class=\"fusion-title title fusion-title-2 fusion-no-large-visibility fusion-sep-none fusion-title-text fusion-title-size-three\" style=\"margin-top:0px;margin-right:0px;margin-bottom:20px;margin-left:0px;\"><h3 class=\"title-heading-left fusion-responsive-typography-calculated\" style=\"margin:0;color:var(--awb-color1);--fontSize:0;--minFontSize:2.5em;line-height:1.5;\">Firmam\u0131z<\/h3><\/div><div class=\"fusion-text fusion-text-1\"><p style=\"text-align: justify; color: #ffffff;\">Dr. Abdullah KAPAR taraf\u0131ndan 1998 y\u0131l\u0131nda \u0130zmir\u2019de kurulan Teknotar, T\u00fcrkiye\u2019nin \u00e7e\u015fitli b\u00f6lgelerinde tar\u0131msal sulama ve altyap\u0131 projelerini ba\u015far\u0131yla uygulamaya ve farkl\u0131 \u00e7\u00f6z\u00fcmler \u00fcretmeye devam etmektedir. Kalite standartlar\u0131m\u0131z, projelerimiz ve sekt\u00f6rdeki tecr\u00fcbemiz ile yat\u0131r\u0131mc\u0131lar\u0131 memnun etmeyi hedefliyoruz.<\/p>\n<p style=\"text-align: justify; color: #ffffff;\">Bu hedef do\u011frultusunda, g\u00fcncel bilimsel uygulama ve hizmetleri takip ederek, su ve enerji kaynaklar\u0131m\u0131z\u0131n etkin kullan\u0131ld\u0131\u011f\u0131, \u00e7evresel etkinin en aza indirildi\u011fi, s\u00fcrd\u00fcr\u00fclebilir, ekonomik ve yat\u0131r\u0131mc\u0131n\u0131n rekabet g\u00fcc\u00fcn\u00fc artt\u0131ran \u00f6rnek projeleri hayata ge\u00e7iriyoruz.<\/p>\n<\/div><\/div><style type=\"text\/css\">.fusion-body .fusion-builder-column-0{width:50% !important;margin-top : 0px;margin-bottom : 30px;}.fusion-builder-column-0 > .fusion-column-wrapper {padding-top : 40px !important;padding-right : 40px !important;margin-right : 3.84%;padding-bottom : 20px !important;padding-left : 40px !important;margin-left : 3.84%;}@media only screen and (max-width:1024px) {.fusion-body .fusion-builder-column-0{width:100% !important;}.fusion-builder-column-0 > .fusion-column-wrapper {margin-right : 1.92%;margin-left : 1.92%;}}@media only screen and (max-width:640px) {.fusion-body .fusion-builder-column-0{width:100% !important;}.fusion-builder-column-0 > .fusion-column-wrapper {margin-right : 1.92%;margin-left : 1.92%;}}<\/style><\/div><div class=\"fusion-layout-column fusion_builder_column fusion-builder-column-1 fusion_builder_column_1_2 1_2 fusion-flex-column fusion-animated\" data-animationType=\"fadeInRight\" data-animationDuration=\"1.0\" data-animationOffset=\"top-into-view\"><div class=\"fusion-column-wrapper fusion-flex-justify-content-flex-start fusion-content-layout-column\" style=\"background-position:left top;background-repeat:no-repeat;-webkit-background-size:cover;-moz-background-size:cover;-o-background-size:cover;background-size:cover;background-color:hsla(var(--awb-color1-h),var(--awb-color1-s),var(--awb-color1-l),calc( var(--awb-color1-a) - 80% ));padding: 40px 40px 20px 40px;\"><i class=\"fb-icon-element-2 fb-icon-element fontawesome-icon fa-users fas circle-yes fusion-text-flow\" style=\"font-size:28.16px;line-height:56.32px;height:56.32px;width:56.32px;border-width:0px;border-radius:50% 50% 50% 50%;margin-right:16px;\"><\/i><style>i.fb-icon-element.fontawesome-icon.fb-icon-element-2{ color: var(--awb-color6); background-color: var(--awb-color1); border-color: var(--awb-color7);}i.fb-icon-element.fontawesome-icon.fb-icon-element-2:hover { color: var(--awb-color6); background-color: var(--awb-color1); border-color: var(--awb-color7);}<\/style><style type=\"text\/css\">@media only screen and (max-width:1024px) {.fusion-title.fusion-title-3{margin-top:0px!important; margin-right:0px!important;margin-bottom:20px!important;margin-left:0px!important;}}@media only screen and (max-width:640px) {.fusion-title.fusion-title-3{margin-top:0px!important; margin-right:0px!important;margin-bottom:20px!important; margin-left:0px!important;}}<\/style><div class=\"fusion-title title fusion-title-3 fusion-no-small-visibility fusion-no-medium-visibility fusion-sep-none fusion-title-text fusion-title-size-three\" style=\"margin-top:0px;margin-right:0px;margin-bottom:20px;margin-left:0px;\"><h3 class=\"title-heading-left fusion-responsive-typography-calculated\" style=\"margin:0;color:var(--awb-color1);--fontSize:0;--minFontSize:2.5em;line-height:1.5;\">Misyonumuz<\/h3><\/div><style type=\"text\/css\">@media only screen and (max-width:1024px) {.fusion-title.fusion-title-4{margin-top:0px!important; margin-right:0px!important;margin-bottom:20px!important;margin-left:0px!important;}}@media only screen and (max-width:640px) {.fusion-title.fusion-title-4{margin-top:0px!important; margin-right:0px!important;margin-bottom:20px!important; margin-left:0px!important;}}<\/style><div class=\"fusion-title title fusion-title-4 fusion-no-large-visibility fusion-sep-none fusion-title-text fusion-title-size-three\" style=\"margin-top:0px;margin-right:0px;margin-bottom:20px;margin-left:0px;\"><h3 class=\"title-heading-left fusion-responsive-typography-calculated\" style=\"margin:0;color:var(--awb-color1);--fontSize:0;--minFontSize:2.5em;line-height:1.5;\">Misyonumuz<\/h3><\/div><div class=\"fusion-text fusion-text-2\"><p style=\"text-align: justify; color: #ffffff;\">G\u00fcncel bilimsel uygulama ve hizmetleri takip ederek, su ve enerji kaynaklar\u0131m\u0131z\u0131n etkin kullan\u0131ld\u0131\u011f\u0131, \u00e7evresel etkinin en aza indirildi\u011fi, s\u00fcrd\u00fcr\u00fclebilir, ekonomik ve yat\u0131r\u0131mc\u0131n\u0131n rekabet g\u00fcc\u00fcn\u00fc artt\u0131ran \u00f6rnek projeleri hayata ge\u00e7irmek temel hedefimizdir.<\/p>\n<p style=\"color: #ffffff;\">Sayg\u0131lar\u0131m\u0131zla,<br \/>\nTeknotar Ltd. \u015eti.<\/p>\n<\/div><\/div><style type=\"text\/css\">.fusion-body .fusion-builder-column-1{width:50% !important;margin-top : 0px;margin-bottom : 30px;}.fusion-builder-column-1 > .fusion-column-wrapper {padding-top : 40px !important;padding-right : 40px !important;margin-right : 3.84%;padding-bottom : 20px !important;padding-left : 40px !important;margin-left : 3.84%;}@media only screen and (max-width:1024px) {.fusion-body .fusion-builder-column-1{width:100% !important;}.fusion-builder-column-1 > .fusion-column-wrapper {margin-right : 1.92%;margin-left : 1.92%;}}@media only screen and (max-width:640px) {.fusion-body .fusion-builder-column-1{width:100% !important;}.fusion-builder-column-1 > .fusion-column-wrapper {margin-right : 1.92%;margin-left : 1.92%;}}<\/style><\/div><\/div><style type=\"text\/css\">.fusion-body .fusion-flex-container.fusion-builder-row-2{ padding-top : 50px;margin-top : 0px;padding-right : 0px;padding-bottom : 50px;margin-bottom : 0px;padding-left : 0px;}<\/style><\/div><\/p>\n","protected":false},"excerpt":{"rendered":"","protected":false},"author":1,"featured_media":0,"parent":0,"menu_order":0,"comment_status":"closed","ping_status":"closed","template":"100-width.php","meta":[],"_links":{"self":[{"href":"https:\/\/www.teknotar.com.tr\/tr\/wp-json\/wp\/v2\/pages\/860"}],"collection":[{"href":"https:\/\/www.teknotar.com.tr\/tr\/wp-json\/wp\/v2\/pages"}],"about":[{"href":"https:\/\/www.teknotar.com.tr\/tr\/wp-json\/wp\/v2\/types\/page"}],"author":[{"embeddable":true,"href":"https:\/\/www.teknotar.com.tr\/tr\/wp-json\/wp\/v2\/users\/1"}],"replies":[{"embeddable":true,"href":"https:\/\/www.teknotar.com.tr\/tr\/wp-json\/wp\/v2\/comments?post=860"}],"version-history":[{"count":12,"href":"https:\/\/www.teknotar.com.tr\/tr\/wp-json\/wp\/v2\/pages\/860\/revisions"}],"predecessor-version":[{"id":1137,"href":"https:\/\/www.teknotar.com.tr\/tr\/wp-json\/wp\/v2\/pages\/860\/revisions\/1137"}],"wp:attachment":[{"href":"https:\/\/www.teknotar.com.tr\/tr\/wp-json\/wp\/v2\/media?parent=860"}],"curies":[{"name":"wp","href":"https:\/\/api.w.org\/{rel}","templated":true}]}}