{"id":32,"date":"2019-12-13T08:28:30","date_gmt":"2019-12-13T05:28:30","guid":{"rendered":"http:\/\/www.teknotar.com.tr\/tr\/?page_id=32"},"modified":"2022-02-15T14:23:58","modified_gmt":"2022-02-15T11:23:58","slug":"references","status":"publish","type":"page","link":"https:\/\/www.teknotar.com.tr\/eng\/references\/","title":{"rendered":"References"},"content":{"rendered":"<p><div class=\"fusion-fullwidth fullwidth-box fusion-builder-row-1 fusion-flex-container fusion-parallax-none nonhundred-percent-fullwidth non-hundred-percent-height-scrolling lazyload\" style=\"background-color: rgba(255,255,255,0);background-position: center center;background-repeat: no-repeat;border-width: 0px 0px 0px 0px;border-color:var(--awb-color3);border-style:solid;-webkit-background-size:cover;-moz-background-size:cover;-o-background-size:cover;background-size:cover;\" data-bg=\"https:\/\/www.teknotar.com.tr\/eng\/wp-content\/uploads\/2019\/12\/landscaper-about-hero-background-scaled-1.jpg\" ><div class=\"fusion-builder-row fusion-row fusion-flex-align-items-flex-start\" style=\"max-width:calc( 1100px + 0px );margin-left: calc(-0px \/ 2 );margin-right: calc(-0px \/ 2 );\"><\/div><style type=\"text\/css\">.fusion-body .fusion-flex-container.fusion-builder-row-1{ padding-top : 100px;margin-top : 0px;padding-right : 0px;padding-bottom : 100px;margin-bottom : 0px;padding-left : 0px;}<\/style><\/div><div class=\"fusion-fullwidth fullwidth-box fusion-builder-row-2 fusion-flex-container nonhundred-percent-fullwidth non-hundred-percent-height-scrolling\" style=\"background-color: var(--awb-color2);background-position: center center;background-repeat: no-repeat;border-width: 0px 0px 0px 0px;border-color:var(--awb-color3);border-style:solid;\" ><div class=\"fusion-builder-row fusion-row fusion-flex-align-items-flex-start\" style=\"max-width:1144px;margin-left: calc(-4% \/ 2 );margin-right: calc(-4% \/ 2 );\"><div class=\"fusion-layout-column fusion_builder_column fusion-builder-column-0 fusion_builder_column_1_1 1_1 fusion-flex-column fusion-animated\" data-animationType=\"fadeInDown\" data-animationDuration=\"1.0\" data-animationOffset=\"top-into-view\"><div class=\"fusion-column-wrapper fusion-flex-justify-content-flex-start fusion-content-layout-column\" style=\"background-position:left top;background-repeat:no-repeat;-webkit-background-size:cover;-moz-background-size:cover;-o-background-size:cover;background-size:cover;padding: 0px 0px 60px 0px;\"><div class=\"fusion-text fusion-text-1\"><p><span style=\"background-color: var(--awb-color2); color: var(--body_typography-color); font-family: var(--body_typography-font-family); font-size: var(--body_typography-font-size); font-style: var(--body_typography-font-style,normal); font-weight: var(--body_typography-font-weight); letter-spacing: var(--body_typography-letter-spacing);\">1998\tTayga \u00c7iftli\u011fi (Tekfen)\tVize \/ KIRKLAREL\u0130\tMeyve, \u00c7ay\u0131r-mer\u2019a\t450 da<\/span><\/p>\n<p>1998\tG\u00fclkent Konut yap\u0131 Kooperatifi\tDidim \/ AYDIN\tYe\u015fil Alan\t<\/p>\n<p>1998\tG\u00fclerce At \u00c7iftli\u011fi\tYenifo\u00e7a \/ \u0130ZM\u0130R\tYe\u015fil Alan\t250 da<\/p>\n<p>1998\tEge Sa\u011fl\u0131k Oteli\tBornova \/ \u0130ZM\u0130R\tYe\u015fil Alan\t<\/p>\n<p>1998\tBosch Is\u0131tma \u00dcr\u00fcnleri San. ve Tic. A.\u015e.\tManisa Org. San.\tYe\u015fil Alan\t<\/p>\n<p>1998\tEge \u00dcniversitesi Topraks\u0131z Tar\u0131m Seralar\u0131\tBornova \/ \u0130ZM\u0130R\tTopraks\u0131z Tar\u0131m\t<\/p>\n<p>1999\tVenedik Evleri\tBostanl\u0131 \/ \u0130ZM\u0130R\tYe\u015fil Alan\t<\/p>\n<p>1999\tSelkasan Ka\u011f\u0131t Fabrikas\u0131\tManisa Org. San.\tYe\u015fil Alan\t<\/p>\n<p>1999\tMay Tekstil\tManisa Org. San.\tYe\u015fil Alan\t<\/p>\n<p>2000\tKonya B\u00fcy\u00fck\u015fehir Belediyesi Fidanl\u0131\u011f\u0131\tKONYA\tS\u00fcs Bitkileri\t60 da<\/p>\n<p>2001\tAsl\u0131m Orman\u0131\tKaratay Bld. \/ KONYA\tYe\u015fil Alan\t2000 da<\/p>\n<p>2002\tB\u00fcsan Organize Sanayi\tKONYA\tYe\u015fil Alan\t80 da<\/p>\n<p>2003\tKarmez G\u0131da A.\u015e.\tKemalpa\u015fa \/ \u0130ZM\u0130R\tKiraz, Erik\t650 da<\/p>\n<p>2005\tTalat Zurnac\u0131 Zeytin (Attalos) \u00c7iftli\u011fi (Teleset)\tSalihli \/ MAN\u0130SA\tZeytin, Ba\u011f, Nar\t1600 da<\/p>\n<p>2007\tImperial Tobacco\tManisa Org. San.\tYe\u015fil Alan\t<\/p>\n<p>2007\tKaanlar G\u0131da A.\u015e.\tKumkale \/ \u00c7ANAKKALE\tZeytin, M\u0131s\u0131r, Domates\t600 da<\/p>\n<p>2008\tDelphi Otomotiv\tEge Serbest B\u00f6lg\tYe\u015fil Alan\t<\/p>\n<p>2008\t\u00d6ztar Tohumculuk A.\u015e.\tTorbal\u0131 \/ \u0130ZM\u0130R\tFasulye, Brokoli\t154 da<\/p>\n<p>2009\tPrunus Tar\u0131m Yat\u0131r\u0131mlar\u0131 A.\u015e.\tG\u00f6rdes \/ MAN\u0130SA\tBadem, Ayva, Elma\t550 da<\/p>\n<p>2010\tEkostar Tar\u0131m Yat\u0131r\u0131mlar\u0131 A.\u015e.\tSalihli \/ MAN\u0130SA\tBadem, Zeytin\t900 da<\/p>\n<p>2010\tEkostar Tar\u0131m Yat\u0131r\u0131mlar\u0131 A.\u015e.\tK\u00f6pr\u00fcba\u015f\u0131 \/ MAN\u0130SA\tBadem\t350 da<\/p>\n<p>2010\tNemus Tar\u0131m Yat\u0131r\u0131mlar\u0131 A.\u015e.\tBorlu \/ MAN\u0130SA\tBadem\t245 da<\/p>\n<p>2010\tKibana Tar\u0131m Yat\u0131r\u0131mlar\u0131 San.Tic A.\u015e.\tK\u00f6pr\u00fcba\u015f\u0131 \/ MAN\u0130SA\tCeviz, Kiraz, \u00c7ilek\t192 da<\/p>\n<p>2011\tKarake\u00e7i Tar\u0131m Ltd. \u015eti.\tG\u00f6rdes \/ MAN\u0130SA\tCeviz\t750 da<\/p>\n<p>2012\tManzara Tar\u0131m A.\u015e.\tSalihli \/ MAN\u0130SA\tCeviz, Badem\t600 da<\/p>\n<p>2013\tErcan \u00c7elik Bilge Grup Ka\u011f\u0131t\u00e7\u0131l\u0131k\tMarmara Adas\u0131\tCeviz\t2500 da<\/p>\n<p>2013\tSevin\u00e7 Aknar Ceviz \u0130\u015fletmesi\tSalihli \/ MAN\u0130SA\tCeviz\t808 da<\/p>\n<p>2013\tHakan Beroo\u011flu\tErdek \/ BALIKES\u0130R\tCeviz\t400 da<\/p>\n<p>2013\tOzman Yurtd\u0131\u015f\u0131 E\u011fitim Ltd. \u015eti.\tErdek \/ BALIKES\u0130R\tCeviz\t400 da<\/p>\n<p>2013\tNedina Tar\u0131m Ltd. \u015eti\tG\u00f6rdes \/ MAN\u0130SA\tCeviz\t252 da<\/p>\n<p>2014\tEurodrip A.\u015e.\tMerkez \/ Tekirda\u011f\tCeviz\t675 da<\/p>\n<p>2014\tEurodrip A.\u015e.\tMerkez \/ Tekirda\u011f\tCeviz\t600 da<\/p>\n<p>2014\tEurodrip A.\u015e.\tMerkez \/ Tekirda\u011f\tCeviz\t600 da<\/p>\n<p>2014\tEurodrip A.\u015e.\t\u015eark\u00f6y \/ Tekirda\u011f\tCeviz\t600 da<\/p>\n<p>2014\tEurodrip A.\u015e.\t\u015eark\u00f6y \/ Tekirda\u011f\tCeviz\t282 da<\/p>\n<p>2014\tEurodrip A.\u015e.\t\u015eark\u00f6y \/ Tekirda\u011f\tCeviz\t266 da<\/p>\n<p>2014\tEurodrip A.\u015e.\t\u015eark\u00f6y \/ Tekirda\u011f\tCeviz\t204 da<\/p>\n<p>2014\tEurodrip A.\u015e.\t\u015eark\u00f6y \/ Tekirda\u011f\tCeviz\t314 da<\/p>\n<p>2014\tBilal Er Ceviz \u0130\u015fletmesi\tG\u00f6rdes \/ MAN\u0130SA\tCeviz\t42 da<\/p>\n<p>2014\tErdem Ta\u015f Ceviz \u0130\u015fletmesi\tG\u00f6rdes \/ MAN\u0130SA\tCeviz\t88 da<\/p>\n<p>2014\tKaradeniz G\u00fc\u00e7birli\u011fi Ltd. \u015eti.\tGerencik \/ MAN\u0130SA\tCeviz\t270 da<\/p>\n<p>2014\tCVZ Tar\u0131m \u00dcretim Paz. ve Tic. A.\u015e.\tK\u00f6pr\u00fcba\u015f\u0131 \/ MAN\u0130SA\tCeviz\t290 da<\/p>\n<p>2014\tMenek\u015fe Plast Ltd. \u015eti.\tK\u00f6pr\u00fcba\u015f\u0131 \/ MAN\u0130SA\tCeviz\t328 da<\/p>\n<p>2014\tOrego Metal A.\u015e. Nar Tesisi\tGerencik \/ MAN\u0130SA\tNar\t255 da<\/p>\n<p>2014\tArif Yenal G\u00f6ky\u0131ld\u0131r\u0131m\tK\u00f6pr\u00fcba\u015f\u0131 \/ MAN\u0130SA\tCeviz\t730 da<\/p>\n<p>2014\tAk\u015far Emrullah Akdeniz\tErdek \/ BALIKES\u0130R\tCeviz\t568 da<\/p>\n<p>2014\tAlsancak Tar\u0131m A.\u015e.\tSalihli \/ MAN\u0130SA\tBadem\t350 da<\/p>\n<p>2015\tEurodrip A.\u015e.\tKe\u015fan \/ Tekirda\u011f\tCeviz\t220 da<\/p>\n<p>2015\tEurodrip A.\u015e.\tKe\u015fan \/ Tekirda\u011f\tCeviz\t195 da<\/p>\n<p>2015\tEurodrip A.\u015e.\tKe\u015fan \/ Tekirda\u011f\tCeviz\t162 da<\/p>\n<p>2015\tMeyzan Tar\u0131m Ltd. \u015eti.\tAla\u015fehir \/ MAN\u0130SA\tCeviz\t513 da<\/p>\n<p>2015\tSar\u0131yer Sa\u011fl\u0131k Ltd. \u015eti.\tHavsa \/ ED\u0130RNE\tCeviz\t157 da<\/p>\n<p>2015\tTragaia Tar\u0131m\tUzunk\u00f6pr\u00fc \/ ED\u0130RNE\tCeviz\t334 da<\/p>\n<p>2015\tAnka Partners A.\u015e.\tSalihli \/ MAN\u0130SA\tCeviz\t300 da<\/p>\n<p>2016\tUfuk Ceviz\tGerencik \/ MAN\u0130SA\tCeviz\t157 da<\/p>\n<p>2016\t\u00c7etin Ceviz\tAla\u015fehir \/ MAN\u0130SA\tCeviz\t478 da<\/p>\n<\/div><\/div><style type=\"text\/css\">.fusion-body .fusion-builder-column-0{width:100% !important;margin-top : 0px;margin-bottom : 0px;}.fusion-builder-column-0 > .fusion-column-wrapper {padding-top : 0px !important;padding-right : 0px !important;margin-right : 1.92%;padding-bottom : 60px !important;padding-left : 0px !important;margin-left : 1.92%;}@media only screen and (max-width:1024px) {.fusion-body .fusion-builder-column-0{width:100% !important;}.fusion-builder-column-0 > .fusion-column-wrapper {margin-right : 1.92%;margin-left : 1.92%;}}@media only screen and (max-width:640px) {.fusion-body .fusion-builder-column-0{width:100% !important;}.fusion-builder-column-0 > .fusion-column-wrapper {margin-right : 1.92%;margin-left : 1.92%;}}<\/style><\/div><\/div><style type=\"text\/css\">.fusion-body .fusion-flex-container.fusion-builder-row-2{ padding-top : 50px;margin-top : 0px;padding-right : 0px;padding-bottom : 50px;margin-bottom : 0px;padding-left : 0px;}<\/style><\/div><\/p>\n","protected":false},"excerpt":{"rendered":"","protected":false},"author":1,"featured_media":0,"parent":0,"menu_order":0,"comment_status":"closed","ping_status":"closed","template":"100-width.php","meta":[],"_links":{"self":[{"href":"https:\/\/www.teknotar.com.tr\/eng\/wp-json\/wp\/v2\/pages\/32"}],"collection":[{"href":"https:\/\/www.teknotar.com.tr\/eng\/wp-json\/wp\/v2\/pages"}],"about":[{"href":"https:\/\/www.teknotar.com.tr\/eng\/wp-json\/wp\/v2\/types\/page"}],"author":[{"embeddable":true,"href":"https:\/\/www.teknotar.com.tr\/eng\/wp-json\/wp\/v2\/users\/1"}],"replies":[{"embeddable":true,"href":"https:\/\/www.teknotar.com.tr\/eng\/wp-json\/wp\/v2\/comments?post=32"}],"version-history":[{"count":1,"href":"https:\/\/www.teknotar.com.tr\/eng\/wp-json\/wp\/v2\/pages\/32\/revisions"}],"predecessor-version":[{"id":1138,"href":"https:\/\/www.teknotar.com.tr\/eng\/wp-json\/wp\/v2\/pages\/32\/revisions\/1138"}],"wp:attachment":[{"href":"https:\/\/www.teknotar.com.tr\/eng\/wp-json\/wp\/v2\/media?parent=32"}],"curies":[{"name":"wp","href":"https:\/\/api.w.org\/{rel}","templated":true}]}}